{"id":30,"date":"2021-06-11T10:57:46","date_gmt":"2021-06-11T13:57:46","guid":{"rendered":"http:\/\/jmbavaliacoes.com.br\/?page_id=30"},"modified":"2023-09-19T15:51:13","modified_gmt":"2023-09-19T18:51:13","slug":"sobre","status":"publish","type":"page","link":"https:\/\/jmbavaliacoes.com.br\/?page_id=30","title":{"rendered":"Sobre"},"content":{"rendered":"<p>[et_pb_section fb_built=&#8221;1&#8243; admin_label=&#8221;Se\u00e7\u00e3o&#8221; _builder_version=&#8221;4.22.1&#8243; _module_preset=&#8221;default&#8221; background_color=&#8221;rgba(255,204,42,0.55)&#8221; background_image=&#8221;https:\/\/jmbavaliacoes.com.br\/wp-content\/uploads\/2023\/09\/banner.jpg&#8221; background_blend=&#8221;multiply&#8221; hover_enabled=&#8221;0&#8243; collapsed=&#8221;off&#8221; global_colors_info=&#8221;{}&#8221; custom_css_main_element=&#8221;background-size: auto 100%;&#8221; sticky_enabled=&#8221;0&#8243;][et_pb_row _builder_version=&#8221;4.16&#8243; _module_preset=&#8221;default&#8221; global_colors_info=&#8221;{}&#8221;][et_pb_column type=&#8221;4_4&#8243; _builder_version=&#8221;4.16&#8243; _module_preset=&#8221;default&#8221; global_colors_info=&#8221;{}&#8221;][et_pb_text admin_label=&#8221;T\u00edtulo&#8221; _builder_version=&#8221;4.16&#8243; _module_preset=&#8221;default&#8221; header_text_color=&#8221;#FFFFFF&#8221; global_colors_info=&#8221;{}&#8221;]<\/p>\n<h1 style=\"text-align: center;\">Sobre<\/h1>\n<p>[\/et_pb_text][\/et_pb_column][\/et_pb_row][\/et_pb_section][et_pb_section fb_built=&#8221;1&#8243; _builder_version=&#8221;4.16&#8243; _module_preset=&#8221;default&#8221; global_colors_info=&#8221;{}&#8221;][et_pb_row column_structure=&#8221;1_2,1_2&#8243; _builder_version=&#8221;4.16&#8243; _module_preset=&#8221;default&#8221; global_colors_info=&#8221;{}&#8221;][et_pb_column type=&#8221;1_2&#8243; _builder_version=&#8221;4.16&#8243; _module_preset=&#8221;default&#8221; global_colors_info=&#8221;{}&#8221;][et_pb_image src=&#8221;https:\/\/jmbavaliacoes.com.br\/wp-content\/uploads\/2023\/09\/construction-concept-image-helmet-rolled-blueprints-wooden-boards-retro-style-scaled.jpg&#8221; alt=&#8221;Sobre a empresa&#8221; title_text=&#8221;Sobre a empresa&#8221; _builder_version=&#8221;4.22.1&#8243; _module_preset=&#8221;default&#8221; global_colors_info=&#8221;{}&#8221;][\/et_pb_image][\/et_pb_column][et_pb_column type=&#8221;1_2&#8243; _builder_version=&#8221;4.16&#8243; _module_preset=&#8221;default&#8221; global_colors_info=&#8221;{}&#8221;][et_pb_text admin_label=&#8221;T\u00edtulo&#8221; _builder_version=&#8221;4.22.1&#8243; _module_preset=&#8221;default&#8221; header_2_text_color=&#8221;#ffcc2a&#8221; global_colors_info=&#8221;{}&#8221;]<\/p>\n<h2>Sobre a empresa<\/h2>\n<p>[\/et_pb_text][et_pb_text _builder_version=&#8221;4.22.1&#8243; _module_preset=&#8221;default&#8221; text_orientation=&#8221;justified&#8221; global_colors_info=&#8221;{}&#8221;]<\/p>\n<p>Embora a JMB Avalia\u00e7\u00f5es e Per\u00edcias de Engenharia seja uma empresa jovem, os profissionais que comp\u00f5e o time possuem experi\u00eancia profissional de mais de 20 anos na \u00e1rea de Engenharia Civil, com especialistas em Gest\u00e3o de Projetos e Engenharia Diagn\u00f3stica, agregando conhecimento t\u00e9cnico e expertise na elabora\u00e7\u00e3o dos servi\u00e7os oferecidos.<\/p>\n<p>Ap\u00f3s muitos anos de presta\u00e7\u00e3o de servi\u00e7os atrav\u00e9s de parcerias com os melhores profissionais do mercado, resolvemos al\u00e7ar v\u00f4o com nossa marca, a fim de construir relacionamentos s\u00f3lidos com nossos clientes atrav\u00e9s de dedica\u00e7\u00e3o, atendimento personalizado e conquista de confian\u00e7a.<\/p>\n<p>[\/et_pb_text][et_pb_accordion open_toggle_text_color=&#8221;#727377&#8243; open_toggle_background_color=&#8221;RGBA(0,0,0,0)&#8221; closed_toggle_text_color=&#8221;#727377&#8243; closed_toggle_background_color=&#8221;RGBA(0,0,0,0)&#8221; icon_color=&#8221;#ffcc2a&#8221; use_icon_font_size=&#8221;on&#8221; icon_font_size=&#8221;25px&#8221; _builder_version=&#8221;4.22.1&#8243; _module_preset=&#8221;default&#8221; text_orientation=&#8221;justified&#8221; border_width_all=&#8221;0px&#8221; border_style_all=&#8221;none&#8221; border_style_top=&#8221;solid&#8221; border_width_bottom=&#8221;1px&#8221; border_color_bottom=&#8221;#96a8c7&#8243; border_style_bottom=&#8221;solid&#8221; global_colors_info=&#8221;{}&#8221;][et_pb_accordion_item title=&#8221;Miss\u00e3o&#8221; open=&#8221;on&#8221; _builder_version=&#8221;4.22.1&#8243; _module_preset=&#8221;default&#8221; global_colors_info=&#8221;{}&#8221;]<\/p>\n<p>Resolver as quest\u00f5es trazidas pelo cliente com t\u00e9cnica, expertise, dedica\u00e7\u00e3o e presteza.<\/p>\n<p>[\/et_pb_accordion_item][et_pb_accordion_item title=&#8221;Vis\u00e3o&#8221; _builder_version=&#8221;4.22.1&#8243; _module_preset=&#8221;default&#8221; global_colors_info=&#8221;{}&#8221; open=&#8221;off&#8221;]<\/p>\n<p>Transformar nossa marca em sin\u00f4nimo de confian\u00e7a e excel\u00eancia em servi\u00e7os de Engenharia.<\/p>\n<p>[\/et_pb_accordion_item][et_pb_accordion_item title=&#8221;Valores&#8221; icon_color=&#8221;#ffcc2a&#8221; use_icon_font_size=&#8221;on&#8221; _builder_version=&#8221;4.22.1&#8243; _module_preset=&#8221;default&#8221; global_colors_info=&#8221;{}&#8221; open=&#8221;off&#8221;]<\/p>\n<p>Dedica\u00e7\u00e3o, empenho e compromisso com a qualidade e melhoramento cont\u00ednuo.<\/p>\n<p>[\/et_pb_accordion_item][\/et_pb_accordion][\/et_pb_column][\/et_pb_row][\/et_pb_section][et_pb_section fb_built=&#8221;1&#8243; disabled_on=&#8221;off|off|off&#8221; _builder_version=&#8221;4.22.1&#8243; _module_preset=&#8221;default&#8221; global_colors_info=&#8221;{}&#8221;][et_pb_row _builder_version=&#8221;4.16&#8243; _module_preset=&#8221;default&#8221; global_colors_info=&#8221;{}&#8221;][et_pb_column type=&#8221;4_4&#8243; _builder_version=&#8221;4.16&#8243; _module_preset=&#8221;default&#8221; global_colors_info=&#8221;{}&#8221;][et_pb_text admin_label=&#8221;T\u00edtulo&#8221; _builder_version=&#8221;4.16&#8243; _module_preset=&#8221;default&#8221; global_colors_info=&#8221;{}&#8221;]<\/p>\n<h2 style=\"text-align: center;\">Conhe\u00e7a nossos servi\u00e7os<\/h2>\n<p>[\/et_pb_text][et_pb_text _builder_version=&#8221;4.22.1&#8243; _module_preset=&#8221;default&#8221; text_orientation=&#8221;justified&#8221; global_colors_info=&#8221;{}&#8221;]<\/p>\n<p>A entrega do servi\u00e7o contratado \u00e9 feita juntamente com a respectiva ART (Anota\u00e7\u00e3o de Responsabilidade T\u00e9cnica), documento que caracteriza legalmente os direitos e obriga\u00e7\u00f5es entre profissional e cliente, al\u00e9m de atestar a regularidade do registro do Engenheiro Civil junto ao CREA (Conselho Regional de Engenharia e Agronomia).<\/p>\n<p>[\/et_pb_text][\/et_pb_column][\/et_pb_row][et_pb_row column_structure=&#8221;1_3,1_3,1_3&#8243; _builder_version=&#8221;4.16&#8243; _module_preset=&#8221;default&#8221; global_colors_info=&#8221;{}&#8221;][et_pb_column type=&#8221;1_3&#8243; _builder_version=&#8221;4.16&#8243; _module_preset=&#8221;default&#8221; custom_padding=&#8221;14px|14px|14px|14px|false|false&#8221; border_width_all=&#8221;1px&#8221; border_color_all=&#8221;#9a9a9a&#8221; global_colors_info=&#8221;{}&#8221;][et_pb_text admin_label=&#8221;T\u00edtulo&#8221; _builder_version=&#8221;4.22.1&#8243; _module_preset=&#8221;default&#8221; global_colors_info=&#8221;{}&#8221;]<\/p>\n<h3 style=\"text-align: center;\">Avalia\u00e7\u00e3o de Im\u00f3veis<\/h3>\n<p>[\/et_pb_text][et_pb_image src=&#8221;https:\/\/jmbavaliacoes.com.br\/wp-content\/uploads\/2023\/09\/Avaliacao-de-imoveis.jpg&#8221; alt=&#8221;Avalia\u00e7\u00e3o-de-im\u00f3veis-servi\u00e7os&#8221; title_text=&#8221;Avalia\u00e7\u00e3o-de-im\u00f3veis-servi\u00e7os&#8221; align=&#8221;center&#8221; _builder_version=&#8221;4.22.1&#8243; _module_preset=&#8221;default&#8221; global_colors_info=&#8221;{}&#8221;][\/et_pb_image][et_pb_button button_url=&#8221;\/servicos#avaliacao&#8221; button_text=&#8221;Saiba mais&#8221; button_alignment=&#8221;center&#8221; _builder_version=&#8221;4.22.1&#8243; _module_preset=&#8221;default&#8221; global_colors_info=&#8221;{}&#8221;][\/et_pb_button][\/et_pb_column][et_pb_column type=&#8221;1_3&#8243; _builder_version=&#8221;4.16&#8243; _module_preset=&#8221;default&#8221; custom_padding=&#8221;14px|14px|14px|14px|false|false&#8221; border_width_all=&#8221;1px&#8221; border_color_all=&#8221;#9a9a9a&#8221; global_colors_info=&#8221;{}&#8221;][et_pb_text admin_label=&#8221;T\u00edtulo&#8221; _builder_version=&#8221;4.22.1&#8243; _module_preset=&#8221;default&#8221; global_colors_info=&#8221;{}&#8221;]<\/p>\n<h3 style=\"text-align: center;\">Laudo Cautelar<\/h3>\n<p>[\/et_pb_text][et_pb_image src=&#8221;https:\/\/jmbavaliacoes.com.br\/wp-content\/uploads\/2023\/09\/Laudo-Cautelar-de-Vizinhanca.jpg&#8221; alt=&#8221;Laudo-Cautelar-de-Vizinhan\u00e7a-servi\u00e7os&#8221; title_text=&#8221;Laudo-Cautelar-de-Vizinhan\u00e7a-servi\u00e7os&#8221; align=&#8221;center&#8221; _builder_version=&#8221;4.22.1&#8243; _module_preset=&#8221;default&#8221; global_colors_info=&#8221;{}&#8221;][\/et_pb_image][et_pb_button button_url=&#8221;\/servicos#vizinhanca&#8221; button_text=&#8221;Saiba mais&#8221; button_alignment=&#8221;center&#8221; _builder_version=&#8221;4.22.1&#8243; _module_preset=&#8221;default&#8221; global_colors_info=&#8221;{}&#8221;][\/et_pb_button][\/et_pb_column][et_pb_column type=&#8221;1_3&#8243; _builder_version=&#8221;4.16&#8243; _module_preset=&#8221;default&#8221; custom_padding=&#8221;14px|14px|14px|14px|false|false&#8221; border_width_all=&#8221;1px&#8221; border_color_all=&#8221;#9a9a9a&#8221; global_colors_info=&#8221;{}&#8221;][et_pb_text admin_label=&#8221;T\u00edtulo&#8221; _builder_version=&#8221;4.22.1&#8243; _module_preset=&#8221;default&#8221; global_colors_info=&#8221;{}&#8221;]<\/p>\n<h3 style=\"text-align: center;\">Vistoria Imobili\u00e1ria<\/h3>\n<p>[\/et_pb_text][et_pb_image src=&#8221;https:\/\/jmbavaliacoes.com.br\/wp-content\/uploads\/2023\/09\/Recebimento-de-imovel.jpg&#8221; alt=&#8221;Recebimento-de-im\u00f3vel-servi\u00e7os&#8221; title_text=&#8221;Recebimento-de-im\u00f3vel-servi\u00e7os&#8221; align=&#8221;center&#8221; _builder_version=&#8221;4.22.1&#8243; _module_preset=&#8221;default&#8221; global_colors_info=&#8221;{}&#8221;][\/et_pb_image][et_pb_button button_url=&#8221;\/servicos#recebimento&#8221; button_text=&#8221;Saiba mais&#8221; button_alignment=&#8221;center&#8221; _builder_version=&#8221;4.22.1&#8243; _module_preset=&#8221;default&#8221; global_colors_info=&#8221;{}&#8221;][\/et_pb_button][\/et_pb_column][\/et_pb_row][et_pb_row column_structure=&#8221;1_4,1_4,1_4,1_4&#8243; _builder_version=&#8221;4.22.1&#8243; _module_preset=&#8221;default&#8221; global_colors_info=&#8221;{}&#8221;][et_pb_column type=&#8221;1_4&#8243; _builder_version=&#8221;4.16&#8243; _module_preset=&#8221;default&#8221; custom_padding=&#8221;14px|14px|14px|14px|false|false&#8221; border_width_all=&#8221;1px&#8221; border_color_all=&#8221;#9a9a9a&#8221; global_colors_info=&#8221;{}&#8221;][et_pb_text admin_label=&#8221;T\u00edtulo&#8221; _builder_version=&#8221;4.22.1&#8243; _module_preset=&#8221;default&#8221; global_colors_info=&#8221;{}&#8221;]<\/p>\n<h3 style=\"text-align: center;\">Laudo T\u00e9cnico<\/h3>\n<p>[\/et_pb_text][et_pb_image src=&#8221;https:\/\/jmbavaliacoes.com.br\/wp-content\/uploads\/2023\/09\/Laudo-Tecnico-servicos.jpg&#8221; alt=&#8221;Laudo-T\u00e9cnico-servi\u00e7os&#8221; title_text=&#8221;Laudo-T\u00e9cnico-servi\u00e7os&#8221; align=&#8221;center&#8221; _builder_version=&#8221;4.22.1&#8243; _module_preset=&#8221;default&#8221; global_colors_info=&#8221;{}&#8221;][\/et_pb_image][et_pb_button button_url=&#8221;\/servicos#tecnico&#8221; button_text=&#8221;Saiba mais&#8221; button_alignment=&#8221;center&#8221; _builder_version=&#8221;4.22.1&#8243; _module_preset=&#8221;default&#8221; global_colors_info=&#8221;{}&#8221;][\/et_pb_button][\/et_pb_column][et_pb_column type=&#8221;1_4&#8243; _builder_version=&#8221;4.16&#8243; _module_preset=&#8221;default&#8221; custom_padding=&#8221;14px|14px|14px|14px|false|false&#8221; border_width_all=&#8221;1px&#8221; border_color_all=&#8221;#9a9a9a&#8221; global_colors_info=&#8221;{}&#8221;][et_pb_text admin_label=&#8221;T\u00edtulo&#8221; _builder_version=&#8221;4.22.1&#8243; _module_preset=&#8221;default&#8221; global_colors_info=&#8221;{}&#8221;]<\/p>\n<h3 style=\"text-align: center;\">Assist\u00eancia T\u00e9cnica Judicial<\/h3>\n<p>[\/et_pb_text][et_pb_image src=&#8221;https:\/\/jmbavaliacoes.com.br\/wp-content\/uploads\/2023\/09\/Assitencia-Tecnica-judicial-servicos.jpg&#8221; alt=&#8221;Assist\u00eancia-T\u00e9cnica-judicial-servi\u00e7os&#8221; title_text=&#8221;Assist\u00eancia-T\u00e9cnica-judicial-servi\u00e7os&#8221; align=&#8221;center&#8221; _builder_version=&#8221;4.22.1&#8243; _module_preset=&#8221;default&#8221; global_colors_info=&#8221;{}&#8221;][\/et_pb_image][et_pb_button button_url=&#8221;\/servicos#estabilidade&#8221; button_text=&#8221;Saiba mais&#8221; button_alignment=&#8221;center&#8221; _builder_version=&#8221;4.22.1&#8243; _module_preset=&#8221;default&#8221; global_colors_info=&#8221;{}&#8221;][\/et_pb_button][\/et_pb_column][et_pb_column type=&#8221;1_4&#8243; _builder_version=&#8221;4.16&#8243; _module_preset=&#8221;default&#8221; custom_padding=&#8221;14px|14px|14px|14px|false|false&#8221; border_width_all=&#8221;1px&#8221; border_color_all=&#8221;#9a9a9a&#8221; global_colors_info=&#8221;{}&#8221;][et_pb_text admin_label=&#8221;T\u00edtulo&#8221; _builder_version=&#8221;4.22.1&#8243; _module_preset=&#8221;default&#8221; global_colors_info=&#8221;{}&#8221;]<\/p>\n<h3 style=\"text-align: center;\">Laudo de Estabilidade<\/h3>\n<p>[\/et_pb_text][et_pb_image src=&#8221;https:\/\/jmbavaliacoes.com.br\/wp-content\/uploads\/2023\/09\/Laudo-de-Estabilidade-servicos.jpg&#8221; alt=&#8221;Laudo-de-Estabilidade-servi\u00e7os&#8221; title_text=&#8221;Laudo-de-Estabilidade-servi\u00e7os&#8221; align=&#8221;center&#8221; _builder_version=&#8221;4.22.1&#8243; _module_preset=&#8221;default&#8221; global_colors_info=&#8221;{}&#8221;][\/et_pb_image][et_pb_button button_url=&#8221;\/servicos#assistencia&#8221; button_text=&#8221;Saiba mais&#8221; button_alignment=&#8221;center&#8221; _builder_version=&#8221;4.22.1&#8243; _module_preset=&#8221;default&#8221; global_colors_info=&#8221;{}&#8221;][\/et_pb_button][\/et_pb_column][et_pb_column type=&#8221;1_4&#8243; _builder_version=&#8221;4.16&#8243; _module_preset=&#8221;default&#8221; custom_padding=&#8221;14px|14px|14px|14px|false|false&#8221; border_width_all=&#8221;1px&#8221; border_color_all=&#8221;#9a9a9a&#8221; global_colors_info=&#8221;{}&#8221;][et_pb_text admin_label=&#8221;T\u00edtulo&#8221; _builder_version=&#8221;4.22.1&#8243; _module_preset=&#8221;default&#8221; global_colors_info=&#8221;{}&#8221;]<\/p>\n<h3 style=\"text-align: center;\">LTIP \u2013 Laudo T\u00e9cnico de Inspe\u00e7\u00e3o Predial<\/h3>\n<p>[\/et_pb_text][et_pb_image src=&#8221;https:\/\/jmbavaliacoes.com.br\/wp-content\/uploads\/2023\/09\/Laudo-Tecnico-de-Inspecao-Predial-servicos.jpg&#8221; alt=&#8221;Laudo-de-Estabilidade-servi\u00e7os&#8221; title_text=&#8221;Laudo-T\u00e9cnico-de-Inspe\u00e7\u00e3o-Predial-servi\u00e7os&#8221; align=&#8221;center&#8221; _builder_version=&#8221;4.22.1&#8243; _module_preset=&#8221;default&#8221; global_colors_info=&#8221;{}&#8221;][\/et_pb_image][et_pb_button button_url=&#8221;\/servicos#ltip&#8221; button_text=&#8221;Saiba mais&#8221; button_alignment=&#8221;center&#8221; _builder_version=&#8221;4.22.1&#8243; _module_preset=&#8221;default&#8221; global_colors_info=&#8221;{}&#8221;][\/et_pb_button][\/et_pb_column][\/et_pb_row][\/et_pb_section]<\/p>\n","protected":false},"excerpt":{"rendered":"<p>SobreSobre a empresaEmbora a JMB Avalia\u00e7\u00f5es e Per\u00edcias de Engenharia seja uma empresa jovem, os profissionais que comp\u00f5e o time possuem experi\u00eancia profissional de mais de 20 anos na \u00e1rea de Engenharia Civil, com especialistas em Gest\u00e3o de Projetos e Engenharia Diagn\u00f3stica, agregando conhecimento t\u00e9cnico e expertise na elabora\u00e7\u00e3o dos servi\u00e7os oferecidos. Ap\u00f3s muitos anos [&hellip;]<\/p>\n","protected":false},"author":3,"featured_media":0,"parent":0,"menu_order":0,"comment_status":"closed","ping_status":"closed","template":"","meta":{"_et_pb_use_builder":"on","_et_pb_old_content":"","_et_gb_content_width":"","footnotes":""},"class_list":["post-30","page","type-page","status-publish","hentry"],"_links":{"self":[{"href":"https:\/\/jmbavaliacoes.com.br\/index.php?rest_route=\/wp\/v2\/pages\/30","targetHints":{"allow":["GET"]}}],"collection":[{"href":"https:\/\/jmbavaliacoes.com.br\/index.php?rest_route=\/wp\/v2\/pages"}],"about":[{"href":"https:\/\/jmbavaliacoes.com.br\/index.php?rest_route=\/wp\/v2\/types\/page"}],"author":[{"embeddable":true,"href":"https:\/\/jmbavaliacoes.com.br\/index.php?rest_route=\/wp\/v2\/users\/3"}],"replies":[{"embeddable":true,"href":"https:\/\/jmbavaliacoes.com.br\/index.php?rest_route=%2Fwp%2Fv2%2Fcomments&post=30"}],"version-history":[{"count":19,"href":"https:\/\/jmbavaliacoes.com.br\/index.php?rest_route=\/wp\/v2\/pages\/30\/revisions"}],"predecessor-version":[{"id":1558,"href":"https:\/\/jmbavaliacoes.com.br\/index.php?rest_route=\/wp\/v2\/pages\/30\/revisions\/1558"}],"wp:attachment":[{"href":"https:\/\/jmbavaliacoes.com.br\/index.php?rest_route=%2Fwp%2Fv2%2Fmedia&parent=30"}],"curies":[{"name":"wp","href":"https:\/\/api.w.org\/{rel}","templated":true}]}}