{"id":9,"date":"2021-06-09T17:20:22","date_gmt":"2021-06-09T20:20:22","guid":{"rendered":"http:\/\/jmbavaliacoes.com.br\/?page_id=9"},"modified":"2025-05-12T14:19:21","modified_gmt":"2025-05-12T17:19:21","slug":"pagina-inicial","status":"publish","type":"page","link":"https:\/\/jmbavaliacoes.com.br\/","title":{"rendered":"P\u00e1gina Inicial"},"content":{"rendered":"<p>[et_pb_section fb_built=&#8221;1&#8243; admin_label=&#8221;Se\u00e7\u00e3o&#8221; _builder_version=&#8221;4.16&#8243; _module_preset=&#8221;default&#8221; custom_margin=&#8221;0px||||false|false&#8221; custom_padding=&#8221;0px||1px||false|false&#8221; global_colors_info=&#8221;{}&#8221;][et_pb_row _builder_version=&#8221;4.16&#8243; _module_preset=&#8221;default&#8221; width=&#8221;100%&#8221; max_width=&#8221;100%&#8221; custom_padding=&#8221;0px||2px||false|false&#8221; global_colors_info=&#8221;{}&#8221;][et_pb_column type=&#8221;4_4&#8243; _builder_version=&#8221;4.16&#8243; _module_preset=&#8221;default&#8221; background_enable_image=&#8221;off&#8221; global_colors_info=&#8221;{}&#8221;][et_pb_slider show_pagination=&#8221;off&#8221; _builder_version=&#8221;4.22.1&#8243; _module_preset=&#8221;default&#8221; background_enable_image=&#8221;off&#8221; custom_padding=&#8221;100px||100px|||&#8221; custom_css_slide_arrows=&#8221;background-color: rgba(0, 0, 0, .4);||padding: 15px;&#8221; global_colors_info=&#8221;{}&#8221; custom_css_slide_arrows__hover_enabled=&#8221;on|desktop&#8221; custom_css_slide_arrows__hover=&#8221;background-color: rgba(0, 0, 0, .6);&#8221; custom_css_slide_arrows_last_edited=&#8221;on|phone&#8221; custom_css_slide_arrows_tablet=&#8221;background-color: rgba(0, 0, 0, .4);||padding: 20px 0px;&#8221; custom_css_slide_arrows_phone=&#8221;background-color: rgba(0, 0, 0, .4);||padding: 20px 0px;&#8221;][et_pb_slide heading=&#8221;Laudo cautelar de vizinhan\u00e7a&#8221; button_text=&#8221;Fale Conoso&#8221; button_link=&#8221;\/contato&#8221; use_bg_overlay=&#8221;off&#8221; arrows_custom_color=&#8221;#FFFFFF&#8221; dot_nav_custom_color=&#8221;#242424&#8243; _builder_version=&#8221;4.22.1&#8243; _module_preset=&#8221;default&#8221; header_text_align=&#8221;left&#8221; background_image=&#8221;https:\/\/jmbavaliacoes.com.br\/wp-content\/uploads\/2023\/09\/Modelo-slides-home-plano-start.jpg&#8221; background_enable_image=&#8221;on&#8221; text_orientation=&#8221;left&#8221; header_text_shadow_style=&#8221;preset2&#8243; global_colors_info=&#8221;{}&#8221; sticky_transition=&#8221;on&#8221;][\/et_pb_slide][et_pb_slide heading=&#8221;Laudo T\u00e9cnico&#8221; button_text=&#8221;Saiba mais&#8221; button_link=&#8221;\/contato&#8221; use_bg_overlay=&#8221;off&#8221; _builder_version=&#8221;4.22.1&#8243; _module_preset=&#8221;default&#8221; header_text_align=&#8221;left&#8221; background_enable_color=&#8221;off&#8221; background_image=&#8221;https:\/\/jmbavaliacoes.com.br\/wp-content\/uploads\/2023\/09\/Laudo-Tecnico-banner.jpg&#8221; background_enable_image=&#8221;on&#8221; text_orientation=&#8221;left&#8221; header_text_shadow_style=&#8221;preset2&#8243; global_colors_info=&#8221;{}&#8221; sticky_transition=&#8221;on&#8221;][\/et_pb_slide][et_pb_slide heading=&#8221;Assist\u00eancia T\u00e9cnica Judicial&#8221; button_text=&#8221;Contrate agora!&#8221; button_link=&#8221;\/contato&#8221; use_bg_overlay=&#8221;off&#8221; _builder_version=&#8221;4.22.1&#8243; _module_preset=&#8221;default&#8221; header_text_align=&#8221;left&#8221; background_image=&#8221;https:\/\/jmbavaliacoes.com.br\/wp-content\/uploads\/2023\/09\/Modelo-slides-home-plano-start1.jpg&#8221; background_enable_image=&#8221;on&#8221; text_orientation=&#8221;left&#8221; header_text_shadow_style=&#8221;preset2&#8243; global_colors_info=&#8221;{}&#8221; sticky_transition=&#8221;on&#8221;][\/et_pb_slide][\/et_pb_slider][\/et_pb_column][\/et_pb_row][\/et_pb_section][et_pb_section fb_built=&#8221;1&#8243; _builder_version=&#8221;4.16&#8243; _module_preset=&#8221;default&#8221; background_enable_image=&#8221;off&#8221; custom_padding=&#8221;||3px|||&#8221; global_colors_info=&#8221;{}&#8221;][et_pb_row _builder_version=&#8221;4.16&#8243; _module_preset=&#8221;default&#8221; global_colors_info=&#8221;{}&#8221;][et_pb_column type=&#8221;4_4&#8243; _builder_version=&#8221;4.16&#8243; _module_preset=&#8221;default&#8221; global_colors_info=&#8221;{}&#8221;][et_pb_text admin_label=&#8221;T\u00edtulo&#8221; _builder_version=&#8221;4.22.1&#8243; _module_preset=&#8221;default&#8221; global_colors_info=&#8221;{}&#8221;]<\/p>\n<h1 style=\"text-align: center;\"><strong>JMB<\/strong> AVALIA\u00c7\u00d5ES E PER\u00cdCIAS DE ENGENHARIA\u200b<\/h1>\n<p>[\/et_pb_text][\/et_pb_column][\/et_pb_row][\/et_pb_section][et_pb_section fb_built=&#8221;1&#8243; _builder_version=&#8221;4.16&#8243; _module_preset=&#8221;default&#8221; custom_margin=&#8221;1px|||||&#8221; custom_padding=&#8221;1px|||||&#8221; global_colors_info=&#8221;{}&#8221;][et_pb_row column_structure=&#8221;1_2,1_2&#8243; _builder_version=&#8221;4.16&#8243; _module_preset=&#8221;default&#8221; custom_margin=&#8221;-2px|auto||auto||&#8221; global_colors_info=&#8221;{}&#8221;][et_pb_column type=&#8221;1_2&#8243; _builder_version=&#8221;4.16&#8243; _module_preset=&#8221;default&#8221; global_colors_info=&#8221;{}&#8221;][et_pb_image src=&#8221;https:\/\/jmbavaliacoes.com.br\/wp-content\/uploads\/2023\/09\/close-up-construction-engineer-writing-scaled.jpg&#8221; alt=&#8221;Site modelo | Plano Start&#8221; title_text=&#8221;close-up-construction-engineer-writing&#8221; align=&#8221;center&#8221; _builder_version=&#8221;4.22.1&#8243; _module_preset=&#8221;default&#8221; global_colors_info=&#8221;{}&#8221;][\/et_pb_image][\/et_pb_column][et_pb_column type=&#8221;1_2&#8243; _builder_version=&#8221;4.16&#8243; _module_preset=&#8221;default&#8221; global_colors_info=&#8221;{}&#8221;][et_pb_text admin_label=&#8221;T\u00edtulo&#8221; _builder_version=&#8221;4.22.1&#8243; _module_preset=&#8221;default&#8221; text_text_color=&#8221;#015778&#8243; header_3_text_align=&#8221;justify&#8221; header_3_text_color=&#8221;#ffcc2a&#8221; global_colors_info=&#8221;{}&#8221;]<\/p>\n<h3>Presta\u00e7\u00e3o de servi\u00e7os personalizada e com excel\u00eancia em atendimento<\/h3>\n<p>[\/et_pb_text][et_pb_text _builder_version=&#8221;4.22.1&#8243; _module_preset=&#8221;default&#8221; global_colors_info=&#8221;{}&#8221;]<\/p>\n<ul>\n<li>Avalia\u00e7\u00e3o de Im\u00f3veis Urbanos<\/li>\n<li>Laudo Cautelar de Vizinhan\u00e7a (Vistoria de Vizinhan\u00e7a)<\/li>\n<li>Vistoria Imobili\u00e1ria<\/li>\n<li>Parecer T\u00e9cnico\/Laudo T\u00e9cnico<\/li>\n<li>Assist\u00eancia T\u00e9cnica Judicial<\/li>\n<li>Laudo de Estabilidade<\/li>\n<\/ul>\n<p>[\/et_pb_text][et_pb_button button_url=&#8221;\/contato&#8221; button_text=&#8221;Fa\u00e7a seu or\u00e7amento&#8221; _builder_version=&#8221;4.22.1&#8243; _module_preset=&#8221;default&#8221; button_bg_use_color_gradient=&#8221;on&#8221; button_bg_color_gradient_stops=&#8221;#2691bd 0%|#004070 100%&#8221; button_bg_color_gradient_start=&#8221;#2691bd&#8221; button_bg_color_gradient_end=&#8221;#004070&#8243; background_layout=&#8221;dark&#8221; custom_padding=&#8221;4px||4px||true|false&#8221; custom_css_main_element=&#8221;overflow: visible;&#8221; global_colors_info=&#8221;{}&#8221; button_bg_color__hover_enabled=&#8221;on|hover&#8221; button_bg_color_gradient_start__hover=&#8221;#004070&#8243; button_bg_use_color_gradient__hover=&#8221;on&#8221; button_bg_color_gradient_end__hover=&#8221;#2691bd&#8221; button_bg_color_gradient_stops__hover=&#8221;#004070 0%|#2691bd 100%&#8221;][\/et_pb_button][\/et_pb_column][\/et_pb_row][\/et_pb_section][et_pb_section fb_built=&#8221;1&#8243; admin_label=&#8221;Se\u00e7\u00e3o&#8221; _builder_version=&#8221;4.22.1&#8243; _module_preset=&#8221;default&#8221; background_color=&#8221;rgba(114,115,119,0.76)&#8221; background_image=&#8221;https:\/\/jmbavaliacoes.com.br\/wp-content\/uploads\/2023\/09\/banner-home.jpg&#8221; background_blend=&#8221;multiply&#8221; global_colors_info=&#8221;{}&#8221;][et_pb_row column_structure=&#8221;1_3,1_3,1_3&#8243; _builder_version=&#8221;4.22.1&#8243; _module_preset=&#8221;default&#8221; global_colors_info=&#8221;{}&#8221;][et_pb_column type=&#8221;1_3&#8243; _builder_version=&#8221;4.22.1&#8243; _module_preset=&#8221;default&#8221; background_color=&#8221;#ffd624&#8243; custom_padding=&#8221;14px|14px|14px|15px|false|false&#8221; border_radii=&#8221;on|13px|13px|13px|13px&#8221; border_width_all=&#8221;2px&#8221; border_color_all=&#8221;#ffcc2a&#8221; global_colors_info=&#8221;{}&#8221;][et_pb_text admin_label=&#8221;T\u00edtulo&#8221; _builder_version=&#8221;4.22.1&#8243; _module_preset=&#8221;default&#8221; header_2_text_color=&#8221;#ffffff&#8221; header_3_text_color=&#8221;#FFFFFF&#8221; text_orientation=&#8221;center&#8221; header_2_text_shadow_style=&#8221;preset2&#8243; header_3_text_shadow_style=&#8221;preset1&#8243; global_colors_info=&#8221;{}&#8221;]<\/p>\n<h3><strong>Miss\u00e3o<\/strong><\/h3>\n<p>[\/et_pb_text][et_pb_text _builder_version=&#8221;4.22.1&#8243; _module_preset=&#8221;default&#8221; text_text_color=&#8221;#FFFFFF&#8221; text_orientation=&#8221;justified&#8221; global_colors_info=&#8221;{}&#8221;]<\/p>\n<p>Resolver as quest\u00f5es trazidas pelo cliente com t\u00e9cnica, expertise, dedica\u00e7\u00e3o e presteza.<\/p>\n<p>[\/et_pb_text][\/et_pb_column][et_pb_column type=&#8221;1_3&#8243; _builder_version=&#8221;4.22.1&#8243; _module_preset=&#8221;default&#8221; background_color=&#8221;#ffd624&#8243; custom_padding=&#8221;14px|14px|14px|15px|false|false&#8221; border_radii=&#8221;on|13px|13px|13px|13px&#8221; border_width_all=&#8221;2px&#8221; border_color_all=&#8221;#ffcc2a&#8221; global_colors_info=&#8221;{}&#8221;][et_pb_text admin_label=&#8221;T\u00edtulo&#8221; _builder_version=&#8221;4.22.1&#8243; _module_preset=&#8221;default&#8221; header_2_text_color=&#8221;#ffffff&#8221; header_3_text_color=&#8221;#FFFFFF&#8221; text_orientation=&#8221;center&#8221; header_2_text_shadow_style=&#8221;preset2&#8243; header_3_text_shadow_style=&#8221;preset1&#8243; global_colors_info=&#8221;{}&#8221;]<\/p>\n<h3><strong>Vis\u00e3o<\/strong><\/h3>\n<p>[\/et_pb_text][et_pb_text _builder_version=&#8221;4.22.1&#8243; _module_preset=&#8221;default&#8221; text_text_color=&#8221;#FFFFFF&#8221; text_orientation=&#8221;justified&#8221; global_colors_info=&#8221;{}&#8221;]<\/p>\n<p>Transformar nossa marca em sin\u00f4nimo de confian\u00e7a e excel\u00eancia em servi\u00e7os de Engenharia.<\/p>\n<p>[\/et_pb_text][\/et_pb_column][et_pb_column type=&#8221;1_3&#8243; _builder_version=&#8221;4.22.1&#8243; _module_preset=&#8221;default&#8221; background_color=&#8221;#ffd624&#8243; custom_padding=&#8221;14px|14px|14px|15px|false|false&#8221; border_radii=&#8221;on|13px|13px|13px|13px&#8221; border_width_all=&#8221;2px&#8221; border_color_all=&#8221;#ffcc2a&#8221; global_colors_info=&#8221;{}&#8221;][et_pb_text admin_label=&#8221;T\u00edtulo&#8221; _builder_version=&#8221;4.22.1&#8243; _module_preset=&#8221;default&#8221; header_2_text_color=&#8221;#ffffff&#8221; header_3_text_color=&#8221;#FFFFFF&#8221; text_orientation=&#8221;center&#8221; header_2_text_shadow_style=&#8221;preset2&#8243; header_3_text_shadow_style=&#8221;preset1&#8243; global_colors_info=&#8221;{}&#8221;]<\/p>\n<h3><strong>Valores<\/strong><\/h3>\n<p>[\/et_pb_text][et_pb_text _builder_version=&#8221;4.22.1&#8243; _module_preset=&#8221;default&#8221; text_text_color=&#8221;#FFFFFF&#8221; text_orientation=&#8221;justified&#8221; global_colors_info=&#8221;{}&#8221;]<\/p>\n<p>Dedica\u00e7\u00e3o, empenho e compromisso com a qualidade e melhoramento cont\u00ednuo.<\/p>\n<p>[\/et_pb_text][\/et_pb_column][\/et_pb_row][\/et_pb_section][et_pb_section fb_built=&#8221;1&#8243; _builder_version=&#8221;4.22.1&#8243; _module_preset=&#8221;default&#8221; global_colors_info=&#8221;{}&#8221;][et_pb_row _builder_version=&#8221;4.22.1&#8243; _module_preset=&#8221;default&#8221; global_colors_info=&#8221;{}&#8221;][et_pb_column type=&#8221;4_4&#8243; _builder_version=&#8221;4.22.1&#8243; _module_preset=&#8221;default&#8221; global_colors_info=&#8221;{}&#8221;][et_pb_text admin_label=&#8221;T\u00edtulo&#8221; _builder_version=&#8221;4.22.1&#8243; _module_preset=&#8221;default&#8221; text_text_color=&#8221;#015778&#8243; header_3_text_align=&#8221;center&#8221; header_3_text_color=&#8221;#ffcc2a&#8221; global_colors_info=&#8221;{}&#8221;]<\/p>\n<h3>Clientes e Parceiros<\/h3>\n<p>[\/et_pb_text][lwp_image_carousel gallery_ids=&#8221;1547,1548,1546,1577,1543,1544,1545,1542,1541,1537,1536&#8243; slides_show=&#8221;4&#8243; arrow_color=&#8221;#ffcc2a&#8221; arrow_bg=&#8221;#000000&#8243; _builder_version=&#8221;4.27.4&#8243; _module_preset=&#8221;default&#8221; custom_padding=&#8221;||||false|false&#8221; hover_enabled=&#8221;0&#8243; global_colors_info=&#8221;{}&#8221; sticky_enabled=&#8221;0&#8243;][\/lwp_image_carousel][\/et_pb_column][\/et_pb_row][\/et_pb_section]<\/p>\n","protected":false},"excerpt":{"rendered":"<p>JMB AVALIA\u00c7\u00d5ES E PER\u00cdCIAS DE ENGENHARIA\u200bPresta\u00e7\u00e3o de servi\u00e7os personalizada e com excel\u00eancia em atendimento Avalia\u00e7\u00e3o de Im\u00f3veis Urbanos Laudo Cautelar de Vizinhan\u00e7a (Vistoria de Vizinhan\u00e7a) Vistoria Imobili\u00e1ria Parecer T\u00e9cnico\/Laudo T\u00e9cnico Assist\u00eancia T\u00e9cnica Judicial Laudo de Estabilidade Miss\u00e3oResolver as quest\u00f5es trazidas pelo cliente com t\u00e9cnica, expertise, dedica\u00e7\u00e3o e presteza.Vis\u00e3oTransformar nossa marca em sin\u00f4nimo de confian\u00e7a e [&hellip;]<\/p>\n","protected":false},"author":3,"featured_media":0,"parent":0,"menu_order":0,"comment_status":"closed","ping_status":"closed","template":"","meta":{"_et_pb_use_builder":"on","_et_pb_old_content":"","_et_gb_content_width":"","footnotes":""},"class_list":["post-9","page","type-page","status-publish","hentry"],"_links":{"self":[{"href":"https:\/\/jmbavaliacoes.com.br\/index.php?rest_route=\/wp\/v2\/pages\/9","targetHints":{"allow":["GET"]}}],"collection":[{"href":"https:\/\/jmbavaliacoes.com.br\/index.php?rest_route=\/wp\/v2\/pages"}],"about":[{"href":"https:\/\/jmbavaliacoes.com.br\/index.php?rest_route=\/wp\/v2\/types\/page"}],"author":[{"embeddable":true,"href":"https:\/\/jmbavaliacoes.com.br\/index.php?rest_route=\/wp\/v2\/users\/3"}],"replies":[{"embeddable":true,"href":"https:\/\/jmbavaliacoes.com.br\/index.php?rest_route=%2Fwp%2Fv2%2Fcomments&post=9"}],"version-history":[{"count":25,"href":"https:\/\/jmbavaliacoes.com.br\/index.php?rest_route=\/wp\/v2\/pages\/9\/revisions"}],"predecessor-version":[{"id":1579,"href":"https:\/\/jmbavaliacoes.com.br\/index.php?rest_route=\/wp\/v2\/pages\/9\/revisions\/1579"}],"wp:attachment":[{"href":"https:\/\/jmbavaliacoes.com.br\/index.php?rest_route=%2Fwp%2Fv2%2Fmedia&parent=9"}],"curies":[{"name":"wp","href":"https:\/\/api.w.org\/{rel}","templated":true}]}}